{"id":538,"date":"2025-11-24T19:47:26","date_gmt":"2025-11-24T18:47:26","guid":{"rendered":"https:\/\/le-ramadan.com\/blog\/?page_id=538"},"modified":"2025-11-25T08:55:38","modified_gmt":"2025-11-25T07:55:38","slug":"mentions-legales","status":"publish","type":"page","link":"https:\/\/le-ramadan.com\/blog\/mentions-legales\/","title":{"rendered":"Mentions l\u00e9gales"},"content":{"rendered":"\n<p>Site web : https:\/\/le-ramadan.com\/<\/p>\n\n\n\n<p>Editeur&nbsp;<strong>AMI TECH<\/strong><br>Soci\u00e9t\u00e9 individuelle<br>Dont le si\u00e8ge social est situ\u00e9 8, avenue Gambetta 94600, Choisy le Roi.<br>T\u00e9l\u00e9phone : 0674597328<\/p>\n\n\n\n<p>Contact presse : Paul Minad islam2france[@]gmail.com<\/p>\n\n\n\n<h2 class=\"wp-block-heading\" id=\"hebergeur\"><strong>Hebergeur<\/strong><\/h2>\n\n\n\n<p>OVH SAS au capital de 10 000 000 \u20ac<br>RCS Roubaix \u2013 Tourcoing 424 761 419 00045<br>Code APE 6202A<br>N\u00b0 TVA : FR 22 424 761 419<br>Si\u00e8ge social : 2 rue Kellermann \u2013 59100 Roubaix \u2013 France.<\/p>\n\n\n\n<p>M<strong>entions relatives \u00e0 l\u2019utilisation de cookies<\/strong><\/p>\n\n\n\n<p>Un cookie est un petit fichier informatique, un traceur. Il permet d\u2019analyser le comportement des usagers lors de la visite d\u2019un site internet, de la lecture d\u2019un courrier \u00e9lectronique, de l\u2019installation ou de l\u2019utilisation d\u2019un logiciel ou d\u2019une application mobile.<\/p>\n\n\n\n<p>Plus d\u2019information sur notre&nbsp;politique des cookies<\/p>\n\n\n\n<h2 class=\"wp-block-heading\"><strong>PROPRIET\u00c9 INTELLECTUELLE<\/strong><\/h2>\n\n\n\n<p>La Soci\u00e9t\u00e9 Editrice du site le-ramadan.com est le propri\u00e9taire exclusif de tous les droits de propri\u00e9t\u00e9 intellectuelle portant tant sur la structure que sur le contenu du site le-ramadan.com.<\/p>\n\n\n\n<p>Les contenus du site le-ramadan.com sont destin\u00e9s \u00e0 usage strictement personnel, priv\u00e9.<\/p>\n\n\n\n<p>Toute utilisation dans un cadre professionnel ou commercial ou toute commercialisation de ce contenu aupr\u00e8s de tiers est interdite, sauf accord expr\u00e8s de la Soci\u00e9t\u00e9 Editrice \u00e0 demander \u00e0 l\u2019adresse suivante : islam2france[@]gmail.com.<\/p>\n\n\n\n<h2 class=\"wp-block-heading\">Donn\u00e9es personnelles<\/h2>\n\n\n\n<p>Aucune donn\u00e9e personnelle n\u2019est collect\u00e9e sans votre consentement. Si un formulaire de contact ou d\u2019abonnement existe : pr\u00e9cisez la finalit\u00e9, la dur\u00e9e de conservation, le droit d\u2019acc\u00e8s \/ modification \/ suppression (conform\u00e9ment au RGPD).<\/p>\n\n\n\n<h2 class=\"wp-block-heading\">Droits des utilisateurs (RGPD)<\/h2>\n\n\n\n<p>Conform\u00e9ment au R\u00e8glement G\u00e9n\u00e9ral sur la Protection des Donn\u00e9es (RGPD), vous disposez d\u2019un droit d\u2019acc\u00e8s, de rectification et de suppression des donn\u00e9es vous concernant.<\/p>\n\n\n\n<p>Vous pouvez exercer vos droits en \u00e9crivant \u00e0 : islam2france[@]gmail.com.<\/p>\n\n\n\n<p>VERIRL<\/p>\n","protected":false},"excerpt":{"rendered":"<p>Site web : https:\/\/le-ramadan.com\/ Editeur&nbsp;AMI TECHSoci\u00e9t\u00e9 individuelleDont le si\u00e8ge social est situ\u00e9 8, avenue Gambetta 94600, Choisy le Roi.T\u00e9l\u00e9phone : 0674597328 Contact presse : Paul Minad islam2france[@]gmail.com Hebergeur OVH SAS au capital de 10 000 000 \u20acRCS Roubaix \u2013 Tourcoing 424 761 419 00045Code APE 6202AN\u00b0 TVA : FR 22 424 761 419Si\u00e8ge social :&#8230;<\/p>\n","protected":false},"author":1,"featured_media":0,"parent":0,"menu_order":0,"comment_status":"closed","ping_status":"closed","template":"","meta":{"footnotes":""},"class_list":["post-538","page","type-page","status-publish","hentry"],"yoast_head":"<!-- This site is optimized with the Yoast SEO plugin v27.3 - https:\/\/yoast.com\/product\/yoast-seo-wordpress\/ -->\n<title>Mentions l\u00e9gales<\/title>\n<meta name=\"description\" content=\"Mentions l\u00e9gales le-ramadan.com : \u00e9diteur AMI TECH, h\u00e9bergeur OVH, propri\u00e9t\u00e9 intellectuelle, gestion des cookies et protection des donn\u00e9es\" \/>\n<meta name=\"robots\" content=\"index, follow, max-snippet:-1, max-image-preview:large, max-video-preview:-1\" \/>\n<link rel=\"canonical\" href=\"https:\/\/le-ramadan.com\/blog\/mentions-legales\/\" \/>\n<meta property=\"og:locale\" content=\"fr_FR\" \/>\n<meta property=\"og:type\" content=\"article\" \/>\n<meta property=\"og:title\" content=\"Mentions l\u00e9gales\" \/>\n<meta property=\"og:description\" content=\"Mentions l\u00e9gales le-ramadan.com : \u00e9diteur AMI TECH, h\u00e9bergeur OVH, propri\u00e9t\u00e9 intellectuelle, gestion des cookies et protection des donn\u00e9es\" \/>\n<meta property=\"og:url\" content=\"https:\/\/le-ramadan.com\/blog\/mentions-legales\/\" \/>\n<meta property=\"og:site_name\" content=\"Blog de l&#039;islam\" \/>\n<meta property=\"article:publisher\" content=\"https:\/\/www.facebook.com\/islam2france\" \/>\n<meta property=\"article:modified_time\" content=\"2025-11-25T07:55:38+00:00\" \/>\n<meta property=\"og:image\" content=\"https:\/\/le-ramadan.com\/blog\/wp-content\/uploads\/2023\/05\/le-ramadan-1.jpg\" \/>\n\t<meta property=\"og:image:width\" content=\"112\" \/>\n\t<meta property=\"og:image:height\" content=\"35\" \/>\n\t<meta property=\"og:image:type\" content=\"image\/jpeg\" \/>\n<meta name=\"twitter:card\" content=\"summary_large_image\" \/>\n<meta name=\"twitter:site\" content=\"@IslamdeFrance2\" \/>\n<meta name=\"twitter:label1\" content=\"Dur\u00e9e de lecture estim\u00e9e\" \/>\n\t<meta name=\"twitter:data1\" content=\"2 minutes\" \/>\n<script type=\"application\/ld+json\" class=\"yoast-schema-graph\">{\"@context\":\"https:\\\/\\\/schema.org\",\"@graph\":[{\"@type\":\"WebPage\",\"@id\":\"https:\\\/\\\/le-ramadan.com\\\/blog\\\/mentions-legales\\\/\",\"url\":\"https:\\\/\\\/le-ramadan.com\\\/blog\\\/mentions-legales\\\/\",\"name\":\"Mentions l\u00e9gales\",\"isPartOf\":{\"@id\":\"https:\\\/\\\/le-ramadan.com\\\/blog\\\/#website\"},\"datePublished\":\"2025-11-24T18:47:26+00:00\",\"dateModified\":\"2025-11-25T07:55:38+00:00\",\"description\":\"Mentions l\u00e9gales le-ramadan.com : \u00e9diteur AMI TECH, h\u00e9bergeur OVH, propri\u00e9t\u00e9 intellectuelle, gestion des cookies et protection des donn\u00e9es\",\"breadcrumb\":{\"@id\":\"https:\\\/\\\/le-ramadan.com\\\/blog\\\/mentions-legales\\\/#breadcrumb\"},\"inLanguage\":\"fr-FR\",\"potentialAction\":[{\"@type\":\"ReadAction\",\"target\":[\"https:\\\/\\\/le-ramadan.com\\\/blog\\\/mentions-legales\\\/\"]}]},{\"@type\":\"BreadcrumbList\",\"@id\":\"https:\\\/\\\/le-ramadan.com\\\/blog\\\/mentions-legales\\\/#breadcrumb\",\"itemListElement\":[{\"@type\":\"ListItem\",\"position\":1,\"name\":\"Accueil\",\"item\":\"https:\\\/\\\/le-ramadan.com\\\/blog\\\/\"},{\"@type\":\"ListItem\",\"position\":2,\"name\":\"Mentions l\u00e9gales\"}]},{\"@type\":\"WebSite\",\"@id\":\"https:\\\/\\\/le-ramadan.com\\\/blog\\\/#website\",\"url\":\"https:\\\/\\\/le-ramadan.com\\\/blog\\\/\",\"name\":\"le ramadan\",\"description\":\"Le ramadan et le je\u00fbne en islam\",\"publisher\":{\"@id\":\"https:\\\/\\\/le-ramadan.com\\\/blog\\\/#organization\"},\"potentialAction\":[{\"@type\":\"SearchAction\",\"target\":{\"@type\":\"EntryPoint\",\"urlTemplate\":\"https:\\\/\\\/le-ramadan.com\\\/blog\\\/?s={search_term_string}\"},\"query-input\":{\"@type\":\"PropertyValueSpecification\",\"valueRequired\":true,\"valueName\":\"search_term_string\"}}],\"inLanguage\":\"fr-FR\"},{\"@type\":\"Organization\",\"@id\":\"https:\\\/\\\/le-ramadan.com\\\/blog\\\/#organization\",\"name\":\"Ramadan\",\"url\":\"https:\\\/\\\/le-ramadan.com\\\/blog\\\/\",\"logo\":{\"@type\":\"ImageObject\",\"inLanguage\":\"fr-FR\",\"@id\":\"https:\\\/\\\/le-ramadan.com\\\/blog\\\/#\\\/schema\\\/logo\\\/image\\\/\",\"url\":\"https:\\\/\\\/le-ramadan.com\\\/blog\\\/wp-content\\\/uploads\\\/2023\\\/05\\\/le-ramadan-1.jpg\",\"contentUrl\":\"https:\\\/\\\/le-ramadan.com\\\/blog\\\/wp-content\\\/uploads\\\/2023\\\/05\\\/le-ramadan-1.jpg\",\"width\":112,\"height\":35,\"caption\":\"Ramadan\"},\"image\":{\"@id\":\"https:\\\/\\\/le-ramadan.com\\\/blog\\\/#\\\/schema\\\/logo\\\/image\\\/\"},\"sameAs\":[\"https:\\\/\\\/www.facebook.com\\\/islam2france\",\"https:\\\/\\\/x.com\\\/IslamdeFrance2\"]}]}<\/script>\n<!-- \/ Yoast SEO plugin. -->","yoast_head_json":{"title":"Mentions l\u00e9gales","description":"Mentions l\u00e9gales le-ramadan.com : \u00e9diteur AMI TECH, h\u00e9bergeur OVH, propri\u00e9t\u00e9 intellectuelle, gestion des cookies et protection des donn\u00e9es","robots":{"index":"index","follow":"follow","max-snippet":"max-snippet:-1","max-image-preview":"max-image-preview:large","max-video-preview":"max-video-preview:-1"},"canonical":"https:\/\/le-ramadan.com\/blog\/mentions-legales\/","og_locale":"fr_FR","og_type":"article","og_title":"Mentions l\u00e9gales","og_description":"Mentions l\u00e9gales le-ramadan.com : \u00e9diteur AMI TECH, h\u00e9bergeur OVH, propri\u00e9t\u00e9 intellectuelle, gestion des cookies et protection des donn\u00e9es","og_url":"https:\/\/le-ramadan.com\/blog\/mentions-legales\/","og_site_name":"Blog de l&#039;islam","article_publisher":"https:\/\/www.facebook.com\/islam2france","article_modified_time":"2025-11-25T07:55:38+00:00","og_image":[{"width":112,"height":35,"url":"https:\/\/le-ramadan.com\/blog\/wp-content\/uploads\/2023\/05\/le-ramadan-1.jpg","type":"image\/jpeg"}],"twitter_card":"summary_large_image","twitter_site":"@IslamdeFrance2","twitter_misc":{"Dur\u00e9e de lecture estim\u00e9e":"2 minutes"},"schema":{"@context":"https:\/\/schema.org","@graph":[{"@type":"WebPage","@id":"https:\/\/le-ramadan.com\/blog\/mentions-legales\/","url":"https:\/\/le-ramadan.com\/blog\/mentions-legales\/","name":"Mentions l\u00e9gales","isPartOf":{"@id":"https:\/\/le-ramadan.com\/blog\/#website"},"datePublished":"2025-11-24T18:47:26+00:00","dateModified":"2025-11-25T07:55:38+00:00","description":"Mentions l\u00e9gales le-ramadan.com : \u00e9diteur AMI TECH, h\u00e9bergeur OVH, propri\u00e9t\u00e9 intellectuelle, gestion des cookies et protection des donn\u00e9es","breadcrumb":{"@id":"https:\/\/le-ramadan.com\/blog\/mentions-legales\/#breadcrumb"},"inLanguage":"fr-FR","potentialAction":[{"@type":"ReadAction","target":["https:\/\/le-ramadan.com\/blog\/mentions-legales\/"]}]},{"@type":"BreadcrumbList","@id":"https:\/\/le-ramadan.com\/blog\/mentions-legales\/#breadcrumb","itemListElement":[{"@type":"ListItem","position":1,"name":"Accueil","item":"https:\/\/le-ramadan.com\/blog\/"},{"@type":"ListItem","position":2,"name":"Mentions l\u00e9gales"}]},{"@type":"WebSite","@id":"https:\/\/le-ramadan.com\/blog\/#website","url":"https:\/\/le-ramadan.com\/blog\/","name":"le ramadan","description":"Le ramadan et le je\u00fbne en islam","publisher":{"@id":"https:\/\/le-ramadan.com\/blog\/#organization"},"potentialAction":[{"@type":"SearchAction","target":{"@type":"EntryPoint","urlTemplate":"https:\/\/le-ramadan.com\/blog\/?s={search_term_string}"},"query-input":{"@type":"PropertyValueSpecification","valueRequired":true,"valueName":"search_term_string"}}],"inLanguage":"fr-FR"},{"@type":"Organization","@id":"https:\/\/le-ramadan.com\/blog\/#organization","name":"Ramadan","url":"https:\/\/le-ramadan.com\/blog\/","logo":{"@type":"ImageObject","inLanguage":"fr-FR","@id":"https:\/\/le-ramadan.com\/blog\/#\/schema\/logo\/image\/","url":"https:\/\/le-ramadan.com\/blog\/wp-content\/uploads\/2023\/05\/le-ramadan-1.jpg","contentUrl":"https:\/\/le-ramadan.com\/blog\/wp-content\/uploads\/2023\/05\/le-ramadan-1.jpg","width":112,"height":35,"caption":"Ramadan"},"image":{"@id":"https:\/\/le-ramadan.com\/blog\/#\/schema\/logo\/image\/"},"sameAs":["https:\/\/www.facebook.com\/islam2france","https:\/\/x.com\/IslamdeFrance2"]}]}},"_links":{"self":[{"href":"https:\/\/le-ramadan.com\/blog\/wp-json\/wp\/v2\/pages\/538","targetHints":{"allow":["GET"]}}],"collection":[{"href":"https:\/\/le-ramadan.com\/blog\/wp-json\/wp\/v2\/pages"}],"about":[{"href":"https:\/\/le-ramadan.com\/blog\/wp-json\/wp\/v2\/types\/page"}],"author":[{"embeddable":true,"href":"https:\/\/le-ramadan.com\/blog\/wp-json\/wp\/v2\/users\/1"}],"replies":[{"embeddable":true,"href":"https:\/\/le-ramadan.com\/blog\/wp-json\/wp\/v2\/comments?post=538"}],"version-history":[{"count":4,"href":"https:\/\/le-ramadan.com\/blog\/wp-json\/wp\/v2\/pages\/538\/revisions"}],"predecessor-version":[{"id":543,"href":"https:\/\/le-ramadan.com\/blog\/wp-json\/wp\/v2\/pages\/538\/revisions\/543"}],"wp:attachment":[{"href":"https:\/\/le-ramadan.com\/blog\/wp-json\/wp\/v2\/media?parent=538"}],"curies":[{"name":"wp","href":"https:\/\/api.w.org\/{rel}","templated":true}]}}